{"id":9,"date":"2025-04-22T15:36:37","date_gmt":"2025-04-22T13:36:37","guid":{"rendered":"https:\/\/www.elevageduroc.fr\/?page_id=9"},"modified":"2025-04-22T16:25:58","modified_gmt":"2025-04-22T14:25:58","slug":"accueil","status":"publish","type":"page","link":"https:\/\/www.elevageduroc.fr\/","title":{"rendered":"Accueil"},"content":{"rendered":"\n<figure class=\"wp-block-image size-large\"><img fetchpriority=\"high\" decoding=\"async\" width=\"1024\" height=\"451\" src=\"https:\/\/www.elevageduroc.fr\/wp-content\/uploads\/2025\/04\/IMG_3086-1024x451.jpg\" alt=\"\" class=\"wp-image-39\" srcset=\"https:\/\/www.elevageduroc.fr\/wp-content\/uploads\/2025\/04\/IMG_3086-1024x451.jpg 1024w, https:\/\/www.elevageduroc.fr\/wp-content\/uploads\/2025\/04\/IMG_3086-300x132.jpg 300w, https:\/\/www.elevageduroc.fr\/wp-content\/uploads\/2025\/04\/IMG_3086-768x338.jpg 768w, https:\/\/www.elevageduroc.fr\/wp-content\/uploads\/2025\/04\/IMG_3086-1536x676.jpg 1536w, https:\/\/www.elevageduroc.fr\/wp-content\/uploads\/2025\/04\/IMG_3086-2048x902.jpg 2048w\" sizes=\"(max-width: 1024px) 100vw, 1024px\" \/><\/figure>\n\n\n\n<h2 class=\"wp-block-heading has-text-align-center has-large-font-size\">Bienvenue \u00e0 l&rsquo;\u00e9levage du Roc<\/h2>\n\n\n\n<p class=\"has-text-align-center has-medium-font-size\">D\u00e9couvrez notre \u00e9levage familiale de Cane Corso, Chow-chow et ch\u00e8vres naines<\/p>\n\n\n\n<p class=\"has-text-align-center has-medium-font-size\">Depuis plusieurs ann\u00e9es, nous consacrons notre vie \u00e0 l&rsquo;\u00e9levage avec amour et passion pour les animaux. Ici, chaque animal est avant tout un membre de la famille, \u00e9lev\u00e9 avec attention dans un environnement sain, calme et proche de la nature.<\/p>\n\n\n\n<p class=\"has-text-align-center has-medium-font-size\">Notre priorit\u00e9 ? Le bien \u00eatre et la sant\u00e9 de chacun d&rsquo;entre eux. Nous faisons tout notre possible pour leur offrir les meilleurs conditions de vie en respectant les besoins sp\u00e9cifique de chaque race. <\/p>\n\n\n\n<p class=\"has-text-align-center has-medium-font-size\">Sur ce site vous trouverez tous nos reproducteurs ainsi que leur port\u00e9es disponibles ; les conditions d&rsquo;adoption ; des conseils pour bien accueillir votre futur compagnon et les actualit\u00e9 de l&rsquo;\u00e9levage. <\/p>\n\n\n\n<p class=\"has-text-align-center has-medium-font-size\">N&rsquo;h\u00e9sitez pas \u00e0 nous contacter pour toute questions. Bonne visite ! <\/p>\n","protected":false},"excerpt":{"rendered":"<p>Bienvenue \u00e0 l&rsquo;\u00e9levage du Roc D\u00e9couvrez notre \u00e9levage familiale de Cane Corso, Chow-chow et ch\u00e8vres naines Depuis plusieurs ann\u00e9es, nous consacrons notre vie \u00e0 l&rsquo;\u00e9levage avec amour et passion pour les animaux. Ici, chaque animal est avant tout un membre de la famille, \u00e9lev\u00e9 avec attention dans un environnement sain, calme et proche de la [&hellip;]<\/p>\n","protected":false},"author":1,"featured_media":0,"parent":0,"menu_order":0,"comment_status":"closed","ping_status":"closed","template":"","meta":{"ocean_post_layout":"","ocean_both_sidebars_style":"","ocean_both_sidebars_content_width":0,"ocean_both_sidebars_sidebars_width":0,"ocean_sidebar":"","ocean_second_sidebar":"","ocean_disable_margins":"enable","ocean_add_body_class":"","ocean_shortcode_before_top_bar":"","ocean_shortcode_after_top_bar":"","ocean_shortcode_before_header":"","ocean_shortcode_after_header":"","ocean_has_shortcode":"","ocean_shortcode_after_title":"","ocean_shortcode_before_footer_widgets":"","ocean_shortcode_after_footer_widgets":"","ocean_shortcode_before_footer_bottom":"","ocean_shortcode_after_footer_bottom":"","ocean_display_top_bar":"default","ocean_display_header":"default","ocean_header_style":"","ocean_center_header_left_menu":"","ocean_custom_header_template":"","ocean_custom_logo":0,"ocean_custom_retina_logo":0,"ocean_custom_logo_max_width":0,"ocean_custom_logo_tablet_max_width":0,"ocean_custom_logo_mobile_max_width":0,"ocean_custom_logo_max_height":0,"ocean_custom_logo_tablet_max_height":0,"ocean_custom_logo_mobile_max_height":0,"ocean_header_custom_menu":"","ocean_menu_typo_font_family":"","ocean_menu_typo_font_subset":"","ocean_menu_typo_font_size":0,"ocean_menu_typo_font_size_tablet":0,"ocean_menu_typo_font_size_mobile":0,"ocean_menu_typo_font_size_unit":"px","ocean_menu_typo_font_weight":"","ocean_menu_typo_font_weight_tablet":"","ocean_menu_typo_font_weight_mobile":"","ocean_menu_typo_transform":"","ocean_menu_typo_transform_tablet":"","ocean_menu_typo_transform_mobile":"","ocean_menu_typo_line_height":0,"ocean_menu_typo_line_height_tablet":0,"ocean_menu_typo_line_height_mobile":0,"ocean_menu_typo_line_height_unit":"","ocean_menu_typo_spacing":0,"ocean_menu_typo_spacing_tablet":0,"ocean_menu_typo_spacing_mobile":0,"ocean_menu_typo_spacing_unit":"","ocean_menu_link_color":"","ocean_menu_link_color_hover":"","ocean_menu_link_color_active":"","ocean_menu_link_background":"","ocean_menu_link_hover_background":"","ocean_menu_link_active_background":"","ocean_menu_social_links_bg":"","ocean_menu_social_hover_links_bg":"","ocean_menu_social_links_color":"","ocean_menu_social_hover_links_color":"","ocean_disable_title":"default","ocean_disable_heading":"default","ocean_post_title":"","ocean_post_subheading":"","ocean_post_title_style":"","ocean_post_title_background_color":"","ocean_post_title_background":0,"ocean_post_title_bg_image_position":"","ocean_post_title_bg_image_attachment":"","ocean_post_title_bg_image_repeat":"","ocean_post_title_bg_image_size":"","ocean_post_title_height":0,"ocean_post_title_bg_overlay":0.5,"ocean_post_title_bg_overlay_color":"","ocean_disable_breadcrumbs":"default","ocean_breadcrumbs_color":"","ocean_breadcrumbs_separator_color":"","ocean_breadcrumbs_links_color":"","ocean_breadcrumbs_links_hover_color":"","ocean_display_footer_widgets":"default","ocean_display_footer_bottom":"default","ocean_custom_footer_template":"","footnotes":""},"class_list":["post-9","page","type-page","status-publish","hentry","entry"],"_links":{"self":[{"href":"https:\/\/www.elevageduroc.fr\/index.php\/wp-json\/wp\/v2\/pages\/9","targetHints":{"allow":["GET"]}}],"collection":[{"href":"https:\/\/www.elevageduroc.fr\/index.php\/wp-json\/wp\/v2\/pages"}],"about":[{"href":"https:\/\/www.elevageduroc.fr\/index.php\/wp-json\/wp\/v2\/types\/page"}],"author":[{"embeddable":true,"href":"https:\/\/www.elevageduroc.fr\/index.php\/wp-json\/wp\/v2\/users\/1"}],"replies":[{"embeddable":true,"href":"https:\/\/www.elevageduroc.fr\/index.php\/wp-json\/wp\/v2\/comments?post=9"}],"version-history":[{"count":7,"href":"https:\/\/www.elevageduroc.fr\/index.php\/wp-json\/wp\/v2\/pages\/9\/revisions"}],"predecessor-version":[{"id":42,"href":"https:\/\/www.elevageduroc.fr\/index.php\/wp-json\/wp\/v2\/pages\/9\/revisions\/42"}],"wp:attachment":[{"href":"https:\/\/www.elevageduroc.fr\/index.php\/wp-json\/wp\/v2\/media?parent=9"}],"curies":[{"name":"wp","href":"https:\/\/api.w.org\/{rel}","templated":true}]}}